{"id":2941,"date":"2023-09-16T12:23:59","date_gmt":"2023-09-16T09:23:59","guid":{"rendered":"https:\/\/leevi.ee\/?page_id=2941"},"modified":"2023-09-16T12:24:03","modified_gmt":"2023-09-16T09:24:03","slug":"miks-valita-meid","status":"publish","type":"page","link":"https:\/\/leevi.ee\/fi\/miks-valita-meid\/","title":{"rendered":"Miks valita meid?"},"content":{"rendered":"\n<ul class=\"wp-block-list\">\n<li>Yksi vanhimmista tanssikouluista Virossa<\/li>\n\n\n\n<li>39 vuoden opetuskokemus<\/li>\n\n\n\n<li>2018 Vuoden paras virolainen valmentaja<\/li>\n\n\n\n<li>Harjoitukset viroksi, ven\u00e4j\u00e4ksi ja englanniksi<\/li>\n\n\n\n<li>Mukava sijainti<\/li>\n\n\n\n<li>Eniten kultamitaleja Viron mestaruuskilpailuista voittanut tanssiseura&nbsp;<\/li>\n<\/ul>\n\n\n\n<p>Tanssiseura Leevi on Viron vanhin jatkuvasti toimiva tanssikoulu, joka perustettiin vuonna 1984. T\u00e4n\u00e4 aikana tiimimme on opettanut tuhansia ihmisi\u00e4 tanssimaan, joista monet ovat nyky\u00e4\u00e4n erinomaisia tanssinopettajia tai menestyvi\u00e4 yritt\u00e4ji\u00e4, valtion virkamiehi\u00e4. Tarjoamme parhaat mahdollisuudet kilpatanssin harrastamiseen sek\u00e4 aloittelijoille ett\u00e4 ammattilaisille. Meill\u00e4 on Viron ainoa kolmella tanssisalilla varustettu studio, joka sijaitsee meren rannalla ja jonne p\u00e4\u00e4see julkisilla liikennev\u00e4lineill\u00e4 nopeasti kaupungin joka kulmasta. Harjoituksemme j\u00e4rjestet\u00e4\u00e4n viroksi, ven\u00e4j\u00e4ksi ja englanniksi.&nbsp;<\/p>\n\n\n\n<p>Leevin tiimiss\u00e4 ty\u00f6skentelev\u00e4t vain tanssialan asiantuntijat ja huipputason tanssiurheilijat, jotka motivoida opiskelijoita saavuttamaan menestyst\u00e4 kokemuksillaan ja esimerkill\u00e4\u00e4n. Valmentajamme ovat saaneet Viron paras nuorisovalmentaja -palkinnon vuosina 2011, 2013, 2014 ja 2015, Viron paras valmentaja  palkinnon vuonna 2016 ja sek\u00e4 Viron paras nuorisovalmentaja ett\u00e4 paras valmentaja -palkinnon vuonna 2017. My\u00f6s n\u00e4in\u00e4 vuosina Leevin tanssijat on nimitetty vuoden parhaiksi tanssiurheilijoiksi. Valmentajiamme on palkittu useita kertoja olympiakomitean toimesta tehokkaasta valmennusty\u00f6st\u00e4. Tanssikoulumme tanssijat ovat lukemattomia kertoja olleet Viron mestareita, Viron cupin voittajia, maailman- ja Euroopan mestaruuskilpailujen finalisteja. My\u00f6s Viron ensimm\u00e4iset ja ainoat maailmanmestarit, loistavat urheilijamme Madis Abel ja Aleksadra Galkina, ovat osa seuraamme. Tietenkin arvostamme jokaisen tanssikoulumme tanssijan, niin suurten kuin pienten, saavutuksia.&nbsp;<\/p>\n\n\n\n<p>Tanssikoulullamme on Opetusministeri\u00f6n koulutuslupa, jonka nojalla palautetaan osa lukukausimaksusta tuloverona.&nbsp; <\/p>\n\n\n\n<p>Viron Tanssiurheiluliiton tehokkuusluokitukseen Leevin tanssikoulu kuuluu kolmen parhaan joukkoon 46 tanssiseuran joukosta sen perustamisesta l\u00e4htien. Olemme my\u00f6s vuosina 2011-2015 ja 2017 voittaneet eniten kultamitaleja Viron mestaruuskilpailuista.&nbsp;<\/p>\n\n\n\n<p>Leevin tanssiseuran johtaja ja yksi perustajista, Eve End, on ollut Viron Tanssiurheiluliiton perustajaj\u00e4sen ja on toiminut johtokunnan j\u00e4senen\u00e4 ja puheenjohtajana vuosien ajan.&nbsp;<\/p>\n\n\n\n<p>Lis\u00e4ksi loistaviin mahdollisuuksiin tanssisaleissa, opiskelijat voivat tuntea olonsa mukavaksi my\u00f6s ennen ja j\u00e4lkeen tuntien. Lapsilla on oma pukuhuone ja pesutila, jossa he voivat virkist\u00e4yty\u00e4 ennen ja j\u00e4lkeen tuntien. Lis\u00e4ksi on olemassa erillinen suuri lepotila, jossa on keitti\u00f6, jossa voi tarvittaessa tehd\u00e4 l\u00e4ksyj\u00e4 koulun p\u00f6yd\u00e4n \u00e4\u00e4ress\u00e4 ja valmistaa v\u00e4lipaloja tai juoda l\u00e4mmint\u00e4 teet\u00e4 keitti\u00f6ss\u00e4. Opiskelijoillamme on k\u00e4ytett\u00e4viss\u00e4\u00e4n ilmainen vesiautomaatti sek\u00e4 erityisesti urheilijoille tarkoitettu happirikastettu vesi. Olemme ajatelleet my\u00f6s pieni\u00e4 tanssijoita, joilla on suuri leikkihuone, jossa on j\u00e4nnitt\u00e4v\u00e4\u00e4 sek\u00e4 suurille ett\u00e4 pienille. Vanhempien ei tarvitse odottaa lapsiaan tylsistyess\u00e4\u00e4n k\u00e4yt\u00e4v\u00e4ss\u00e4, vaan he voivat viett\u00e4\u00e4 aikaa vanhempien lepotilassa, jossa he voivat rauhassa tehd\u00e4 t\u00f6it\u00e4, lukea kirjaa tai rentoutua raskaan ty\u00f6p\u00e4iv\u00e4n j\u00e4lkeen katsellen, kuinka urheilijamme harjoittelevat ikkunasta.&nbsp;<\/p>\n\n\n\n<p>Tule ja liity upeaan tanssimaailmaan, joka tarjoaa sinulle sek\u00e4 positiivisia tunteita ett\u00e4 kunnon fyysist\u00e4 rasitusta.&nbsp;<\/p>\n\n\n\n<p>Leevin tanssikoulu \u2013 se on ammattitaitoiset valmentajat, yst\u00e4v\u00e4llinen tiimi, onnelliset lapset hienoine tuloksineen sek\u00e4 parhaat olosuhteet vanhemmille ja lapsille harjoittaa tanssiurheilua Virossa. Kilpatanssi on se, miss\u00e4 urheilu, musiikki ja kauneus muodostavat t\u00e4ydellisen harmonian.&nbsp;<\/p>\n\n\n\n<p>Olemme iloisia jokaisesta opiskelijasta, i\u00e4st\u00e4 riippumatta!<\/p>\n","protected":false},"excerpt":{"rendered":"<p>Tanssiseura Leevi on Viron vanhin jatkuvasti toimiva tanssikoulu, joka perustettiin vuonna 1984. T\u00e4n\u00e4 aikana tiimimme on opettanut tuhansia ihmisi\u00e4 tanssimaan, [&hellip;]<\/p>\n","protected":false},"author":3,"featured_media":2943,"parent":0,"menu_order":0,"comment_status":"closed","ping_status":"closed","template":"","meta":{"_acf_changed":false,"footnotes":""},"class_list":["post-2941","page","type-page","status-publish","has-post-thumbnail","hentry"],"acf":[],"yoast_head":"<!-- This site is optimized with the Yoast SEO plugin v27.3 - https:\/\/yoast.com\/product\/yoast-seo-wordpress\/ -->\n<title>Miks valita meid? - Leevi<\/title>\n<meta name=\"robots\" content=\"index, follow, max-snippet:-1, max-image-preview:large, max-video-preview:-1\" \/>\n<link rel=\"canonical\" href=\"https:\/\/leevi.ee\/fi\/miks-valita-meid\/\" \/>\n<meta property=\"og:locale\" content=\"fi_FI\" \/>\n<meta property=\"og:type\" content=\"article\" \/>\n<meta property=\"og:title\" content=\"Miks valita meid? - Leevi\" \/>\n<meta property=\"og:description\" content=\"Tanssiseura Leevi on Viron vanhin jatkuvasti toimiva tanssikoulu, joka perustettiin vuonna 1984. T\u00e4n\u00e4 aikana tiimimme on opettanut tuhansia ihmisi\u00e4 tanssimaan, [&hellip;]\" \/>\n<meta property=\"og:url\" content=\"https:\/\/leevi.ee\/fi\/miks-valita-meid\/\" \/>\n<meta property=\"og:site_name\" content=\"Leevi\" \/>\n<meta property=\"article:publisher\" content=\"https:\/\/www.facebook.com\/dcleevi\/\" \/>\n<meta property=\"article:modified_time\" content=\"2023-09-16T09:24:03+00:00\" \/>\n<meta property=\"og:image\" content=\"https:\/\/leevi.ee\/wordpress\/wp-content\/uploads\/2018\/09\/peotants.jpg\" \/>\n\t<meta property=\"og:image:width\" content=\"1920\" \/>\n\t<meta property=\"og:image:height\" content=\"1080\" \/>\n\t<meta property=\"og:image:type\" content=\"image\/jpeg\" \/>\n<meta name=\"twitter:card\" content=\"summary_large_image\" \/>\n<meta name=\"twitter:label1\" content=\"Est. reading time\" \/>\n\t<meta name=\"twitter:data1\" content=\"3 minutes\" \/>\n<script type=\"application\/ld+json\" class=\"yoast-schema-graph\">{\"@context\":\"https:\\\/\\\/schema.org\",\"@graph\":[{\"@type\":\"WebPage\",\"@id\":\"https:\\\/\\\/leevi.ee\\\/fi\\\/miks-valita-meid\\\/\",\"url\":\"https:\\\/\\\/leevi.ee\\\/fi\\\/miks-valita-meid\\\/\",\"name\":\"Miks valita meid? - Leevi\",\"isPartOf\":{\"@id\":\"https:\\\/\\\/leevi.ee\\\/#website\"},\"primaryImageOfPage\":{\"@id\":\"https:\\\/\\\/leevi.ee\\\/fi\\\/miks-valita-meid\\\/#primaryimage\"},\"image\":{\"@id\":\"https:\\\/\\\/leevi.ee\\\/fi\\\/miks-valita-meid\\\/#primaryimage\"},\"thumbnailUrl\":\"https:\\\/\\\/leevi.ee\\\/wordpress\\\/wp-content\\\/uploads\\\/2018\\\/09\\\/peotants.jpg\",\"datePublished\":\"2023-09-16T09:23:59+00:00\",\"dateModified\":\"2023-09-16T09:24:03+00:00\",\"breadcrumb\":{\"@id\":\"https:\\\/\\\/leevi.ee\\\/fi\\\/miks-valita-meid\\\/#breadcrumb\"},\"inLanguage\":\"fi\",\"potentialAction\":[{\"@type\":\"ReadAction\",\"target\":[\"https:\\\/\\\/leevi.ee\\\/fi\\\/miks-valita-meid\\\/\"]}]},{\"@type\":\"ImageObject\",\"inLanguage\":\"fi\",\"@id\":\"https:\\\/\\\/leevi.ee\\\/fi\\\/miks-valita-meid\\\/#primaryimage\",\"url\":\"https:\\\/\\\/leevi.ee\\\/wordpress\\\/wp-content\\\/uploads\\\/2018\\\/09\\\/peotants.jpg\",\"contentUrl\":\"https:\\\/\\\/leevi.ee\\\/wordpress\\\/wp-content\\\/uploads\\\/2018\\\/09\\\/peotants.jpg\",\"width\":1920,\"height\":1080},{\"@type\":\"BreadcrumbList\",\"@id\":\"https:\\\/\\\/leevi.ee\\\/fi\\\/miks-valita-meid\\\/#breadcrumb\",\"itemListElement\":[{\"@type\":\"ListItem\",\"position\":1,\"name\":\"Home\",\"item\":\"https:\\\/\\\/leevi.ee\\\/fi\\\/\"},{\"@type\":\"ListItem\",\"position\":2,\"name\":\"Miks valita meid?\"}]},{\"@type\":\"WebSite\",\"@id\":\"https:\\\/\\\/leevi.ee\\\/#website\",\"url\":\"https:\\\/\\\/leevi.ee\\\/\",\"name\":\"Leevi\",\"description\":\"\",\"publisher\":{\"@id\":\"https:\\\/\\\/leevi.ee\\\/#organization\"},\"potentialAction\":[{\"@type\":\"SearchAction\",\"target\":{\"@type\":\"EntryPoint\",\"urlTemplate\":\"https:\\\/\\\/leevi.ee\\\/?s={search_term_string}\"},\"query-input\":{\"@type\":\"PropertyValueSpecification\",\"valueRequired\":true,\"valueName\":\"search_term_string\"}}],\"inLanguage\":\"fi\"},{\"@type\":\"Organization\",\"@id\":\"https:\\\/\\\/leevi.ee\\\/#organization\",\"name\":\"Leevi tantsukool\",\"url\":\"https:\\\/\\\/leevi.ee\\\/\",\"logo\":{\"@type\":\"ImageObject\",\"inLanguage\":\"fi\",\"@id\":\"https:\\\/\\\/leevi.ee\\\/#\\\/schema\\\/logo\\\/image\\\/\",\"url\":\"https:\\\/\\\/leevi.ee\\\/wordpress\\\/wp-content\\\/uploads\\\/2018\\\/07\\\/Logo.png\",\"contentUrl\":\"https:\\\/\\\/leevi.ee\\\/wordpress\\\/wp-content\\\/uploads\\\/2018\\\/07\\\/Logo.png\",\"width\":82,\"height\":83,\"caption\":\"Leevi tantsukool\"},\"image\":{\"@id\":\"https:\\\/\\\/leevi.ee\\\/#\\\/schema\\\/logo\\\/image\\\/\"},\"sameAs\":[\"https:\\\/\\\/www.facebook.com\\\/dcleevi\\\/\",\"https:\\\/\\\/www.instagram.com\\\/dcleevi\\\/\"]}]}<\/script>\n<!-- \/ Yoast SEO plugin. -->","yoast_head_json":{"title":"Miks valita meid? - Leevi","robots":{"index":"index","follow":"follow","max-snippet":"max-snippet:-1","max-image-preview":"max-image-preview:large","max-video-preview":"max-video-preview:-1"},"canonical":"https:\/\/leevi.ee\/fi\/miks-valita-meid\/","og_locale":"fi_FI","og_type":"article","og_title":"Miks valita meid? - Leevi","og_description":"Tanssiseura Leevi on Viron vanhin jatkuvasti toimiva tanssikoulu, joka perustettiin vuonna 1984. T\u00e4n\u00e4 aikana tiimimme on opettanut tuhansia ihmisi\u00e4 tanssimaan, [&hellip;]","og_url":"https:\/\/leevi.ee\/fi\/miks-valita-meid\/","og_site_name":"Leevi","article_publisher":"https:\/\/www.facebook.com\/dcleevi\/","article_modified_time":"2023-09-16T09:24:03+00:00","og_image":[{"width":1920,"height":1080,"url":"https:\/\/leevi.ee\/wordpress\/wp-content\/uploads\/2018\/09\/peotants.jpg","type":"image\/jpeg"}],"twitter_card":"summary_large_image","twitter_misc":{"Est. reading time":"3 minutes"},"schema":{"@context":"https:\/\/schema.org","@graph":[{"@type":"WebPage","@id":"https:\/\/leevi.ee\/fi\/miks-valita-meid\/","url":"https:\/\/leevi.ee\/fi\/miks-valita-meid\/","name":"Miks valita meid? - Leevi","isPartOf":{"@id":"https:\/\/leevi.ee\/#website"},"primaryImageOfPage":{"@id":"https:\/\/leevi.ee\/fi\/miks-valita-meid\/#primaryimage"},"image":{"@id":"https:\/\/leevi.ee\/fi\/miks-valita-meid\/#primaryimage"},"thumbnailUrl":"https:\/\/leevi.ee\/wordpress\/wp-content\/uploads\/2018\/09\/peotants.jpg","datePublished":"2023-09-16T09:23:59+00:00","dateModified":"2023-09-16T09:24:03+00:00","breadcrumb":{"@id":"https:\/\/leevi.ee\/fi\/miks-valita-meid\/#breadcrumb"},"inLanguage":"fi","potentialAction":[{"@type":"ReadAction","target":["https:\/\/leevi.ee\/fi\/miks-valita-meid\/"]}]},{"@type":"ImageObject","inLanguage":"fi","@id":"https:\/\/leevi.ee\/fi\/miks-valita-meid\/#primaryimage","url":"https:\/\/leevi.ee\/wordpress\/wp-content\/uploads\/2018\/09\/peotants.jpg","contentUrl":"https:\/\/leevi.ee\/wordpress\/wp-content\/uploads\/2018\/09\/peotants.jpg","width":1920,"height":1080},{"@type":"BreadcrumbList","@id":"https:\/\/leevi.ee\/fi\/miks-valita-meid\/#breadcrumb","itemListElement":[{"@type":"ListItem","position":1,"name":"Home","item":"https:\/\/leevi.ee\/fi\/"},{"@type":"ListItem","position":2,"name":"Miks valita meid?"}]},{"@type":"WebSite","@id":"https:\/\/leevi.ee\/#website","url":"https:\/\/leevi.ee\/","name":"Leevi","description":"","publisher":{"@id":"https:\/\/leevi.ee\/#organization"},"potentialAction":[{"@type":"SearchAction","target":{"@type":"EntryPoint","urlTemplate":"https:\/\/leevi.ee\/?s={search_term_string}"},"query-input":{"@type":"PropertyValueSpecification","valueRequired":true,"valueName":"search_term_string"}}],"inLanguage":"fi"},{"@type":"Organization","@id":"https:\/\/leevi.ee\/#organization","name":"Leevi tantsukool","url":"https:\/\/leevi.ee\/","logo":{"@type":"ImageObject","inLanguage":"fi","@id":"https:\/\/leevi.ee\/#\/schema\/logo\/image\/","url":"https:\/\/leevi.ee\/wordpress\/wp-content\/uploads\/2018\/07\/Logo.png","contentUrl":"https:\/\/leevi.ee\/wordpress\/wp-content\/uploads\/2018\/07\/Logo.png","width":82,"height":83,"caption":"Leevi tantsukool"},"image":{"@id":"https:\/\/leevi.ee\/#\/schema\/logo\/image\/"},"sameAs":["https:\/\/www.facebook.com\/dcleevi\/","https:\/\/www.instagram.com\/dcleevi\/"]}]}},"_links":{"self":[{"href":"https:\/\/leevi.ee\/fi\/wp-json\/wp\/v2\/pages\/2941","targetHints":{"allow":["GET"]}}],"collection":[{"href":"https:\/\/leevi.ee\/fi\/wp-json\/wp\/v2\/pages"}],"about":[{"href":"https:\/\/leevi.ee\/fi\/wp-json\/wp\/v2\/types\/page"}],"author":[{"embeddable":true,"href":"https:\/\/leevi.ee\/fi\/wp-json\/wp\/v2\/users\/3"}],"replies":[{"embeddable":true,"href":"https:\/\/leevi.ee\/fi\/wp-json\/wp\/v2\/comments?post=2941"}],"version-history":[{"count":1,"href":"https:\/\/leevi.ee\/fi\/wp-json\/wp\/v2\/pages\/2941\/revisions"}],"predecessor-version":[{"id":2942,"href":"https:\/\/leevi.ee\/fi\/wp-json\/wp\/v2\/pages\/2941\/revisions\/2942"}],"wp:featuredmedia":[{"embeddable":true,"href":"https:\/\/leevi.ee\/fi\/wp-json\/wp\/v2\/media\/2943"}],"wp:attachment":[{"href":"https:\/\/leevi.ee\/fi\/wp-json\/wp\/v2\/media?parent=2941"}],"curies":[{"name":"wp","href":"https:\/\/api.w.org\/{rel}","templated":true}]}}