{"id":2972,"date":"2018-07-23T11:15:43","date_gmt":"2018-07-23T11:15:43","guid":{"rendered":"https:\/\/leevi.ee\/kontakt\/"},"modified":"2023-09-16T13:10:25","modified_gmt":"2023-09-16T10:10:25","slug":"yhteystiedot","status":"publish","type":"page","link":"https:\/\/leevi.ee\/fi\/yhteystiedot\/","title":{"rendered":"Yhteystiedot"},"content":{"rendered":"<div class=\"wpb-content-wrapper\"><p>[vc_row][vc_column][vc_column_text]Leevi Tanssikoulu odottaa sinua Tallinnan syd\u00e4mess\u00e4, osoitteessa Kai 5, vain kivenheiton p\u00e4\u00e4ss\u00e4 Tallinnan Satamasta. Kun saavut laivalla Suomesta, meill\u00e4 on vain viiden minuutin k\u00e4velymatka \u2013 ihanteellinen sijainti juuri Suomesta saapuville. L\u00f6yd\u00e4t meid\u00e4t &#8220;Sadamarketi&#8221; rakennuksesta, sis\u00e4\u00e4nk\u00e4yntimme avautuu suoraan KESKUS? -ravintolan vierest\u00e4 ja Adoryal-hotellin l\u00e4helt\u00e4. Suunnitteletko vierailua meill\u00e4? Loistavaa! Ilmoittamalla meille etuk\u00e4teen tarjoamme sinulle erikoisalennuksia sek\u00e4 KESKUS? -ravintolassa ett\u00e4 Adoryal-hotellissa. Anna meille vain vihje, ja l\u00e4het\u00e4mme sinulle eksklusiivisen alennuskoodin. Tule yksin tai ota yst\u00e4v\u00e4 mukaan ja tule tutustumaan ihmeelliseen tanssimaailmaan Leevi Tanssikoulussa! Odotamme sinua![\/vc_column_text][\/vc_column][\/vc_row][vc_row][vc_column width=&#8221;1\/2&#8243;]<noscript class=\"ninja-forms-noscript-message\">\n\tHuomautus: JavaScript vaaditaan t\u00e4t\u00e4 sis\u00e4lt\u00f6\u00e4 varten.<\/noscript>\n<div id=\"nf-form-1-cont\" class=\"nf-form-cont\" aria-live=\"polite\" aria-labelledby=\"nf-form-title-1\" aria-describedby=\"nf-form-errors-1\" role=\"form\">\n\n    <div class=\"nf-loading-spinner\"><\/div>\n\n<\/div>\n        <!-- That data is being printed as a workaround to page builders reordering the order of the scripts loaded-->\n        <script>var formDisplay=1;var nfForms=nfForms||[];var form=[];form.id='1';form.settings={\"objectType\":\"Form Setting\",\"editActive\":true,\"title\":\"Kontakt\",\"key\":\"\",\"created_at\":\"2018-07-24 10:21:47\",\"default_label_pos\":\"above\",\"conditions\":[],\"show_title\":0,\"clear_complete\":\"1\",\"hide_complete\":\"1\",\"wrapper_class\":\"\",\"element_class\":\"\",\"add_submit\":\"1\",\"logged_in\":\"\",\"not_logged_in_msg\":\"\",\"sub_limit_number\":\"\",\"sub_limit_msg\":\"\",\"calculations\":[],\"formContentData\":[\"nimi_1532427788429\",\"email\",\"sonum_1532427823134\",\"saada_1532427833300\"],\"container_styles_background-color\":\"\",\"container_styles_border\":\"\",\"container_styles_border-style\":\"\",\"container_styles_border-color\":\"\",\"container_styles_color\":\"\",\"container_styles_height\":\"\",\"container_styles_width\":\"\",\"container_styles_font-size\":\"\",\"container_styles_margin\":\"\",\"container_styles_padding\":\"\",\"container_styles_display\":\"\",\"container_styles_float\":\"\",\"container_styles_show_advanced_css\":\"0\",\"container_styles_advanced\":\"\",\"title_styles_background-color\":\"\",\"title_styles_border\":\"\",\"title_styles_border-style\":\"\",\"title_styles_border-color\":\"\",\"title_styles_color\":\"\",\"title_styles_height\":\"\",\"title_styles_width\":\"\",\"title_styles_font-size\":\"\",\"title_styles_margin\":\"\",\"title_styles_padding\":\"\",\"title_styles_display\":\"\",\"title_styles_float\":\"\",\"title_styles_show_advanced_css\":\"0\",\"title_styles_advanced\":\"\",\"row_styles_background-color\":\"\",\"row_styles_border\":\"\",\"row_styles_border-style\":\"\",\"row_styles_border-color\":\"\",\"row_styles_color\":\"\",\"row_styles_height\":\"\",\"row_styles_width\":\"\",\"row_styles_font-size\":\"\",\"row_styles_margin\":\"\",\"row_styles_padding\":\"\",\"row_styles_display\":\"\",\"row_styles_show_advanced_css\":\"0\",\"row_styles_advanced\":\"\",\"row-odd_styles_background-color\":\"\",\"row-odd_styles_border\":\"\",\"row-odd_styles_border-style\":\"\",\"row-odd_styles_border-color\":\"\",\"row-odd_styles_color\":\"\",\"row-odd_styles_height\":\"\",\"row-odd_styles_width\":\"\",\"row-odd_styles_font-size\":\"\",\"row-odd_styles_margin\":\"\",\"row-odd_styles_padding\":\"\",\"row-odd_styles_display\":\"\",\"row-odd_styles_show_advanced_css\":\"0\",\"row-odd_styles_advanced\":\"\",\"success-msg_styles_background-color\":\"\",\"success-msg_styles_border\":\"\",\"success-msg_styles_border-style\":\"\",\"success-msg_styles_border-color\":\"\",\"success-msg_styles_color\":\"\",\"success-msg_styles_height\":\"\",\"success-msg_styles_width\":\"\",\"success-msg_styles_font-size\":\"\",\"success-msg_styles_margin\":\"\",\"success-msg_styles_padding\":\"\",\"success-msg_styles_display\":\"\",\"success-msg_styles_show_advanced_css\":\"0\",\"success-msg_styles_advanced\":\"\",\"error_msg_styles_background-color\":\"\",\"error_msg_styles_border\":\"\",\"error_msg_styles_border-style\":\"\",\"error_msg_styles_border-color\":\"\",\"error_msg_styles_color\":\"\",\"error_msg_styles_height\":\"\",\"error_msg_styles_width\":\"\",\"error_msg_styles_font-size\":\"\",\"error_msg_styles_margin\":\"\",\"error_msg_styles_padding\":\"\",\"error_msg_styles_display\":\"\",\"error_msg_styles_show_advanced_css\":\"0\",\"error_msg_styles_advanced\":\"\",\"currency\":\"\",\"unique_field_error\":\"A form with this value has already been submitted.\",\"drawerDisabled\":false,\"allow_public_link\":0,\"embed_form\":\"\",\"form_title_heading_level\":\"3\",\"changeEmailErrorMsg\":\"Anna voimassa oleva s\\u00e4hk\\u00f6postiosoite!\",\"changeDateErrorMsg\":\"Please enter a valid date!\",\"confirmFieldErrorMsg\":\"N\\u00e4iden kenttien on t\\u00e4sm\\u00e4tt\\u00e4v\\u00e4!\",\"fieldNumberNumMinError\":\"Numero minimi virhe\",\"fieldNumberNumMaxError\":\"Numero maksimi virhe\",\"fieldNumberIncrementBy\":\"Lis\\u00e4\\u00e4 m\\u00e4\\u00e4r\\u00e4ll\\u00e4 \",\"formErrorsCorrectErrors\":\"Palun paranda vead enne saatmist.\",\"validateRequiredField\":\"See on kohustuslik v\\u00e4li.\",\"honeypotHoneypotError\":\"Honeypot-virhe\",\"fieldsMarkedRequired\":\"T\\u00e4hdell\\u00e4 <span class=\\\"ninja-forms-req-symbol\\\">*<\\\/span> merkityt kent\\u00e4t ovat pakollisia\",\"ninjaForms\":\"Ninja-lomakkeet\",\"fieldTextareaRTEInsertLink\":\"Lis\\u00e4\\u00e4 linkki\",\"fieldTextareaRTEInsertMedia\":\"Lis\\u00e4\\u00e4 media\",\"fieldTextareaRTESelectAFile\":\"Valitse tiedosto\",\"formHoneypot\":\"Jos n\\u00e4et t\\u00e4m\\u00e4n kent\\u00e4n, j\\u00e4t\\u00e4 se tyhj\\u00e4ksi.\",\"fileUploadOldCodeFileUploadInProgress\":\"Tiedoston l\\u00e4hett\\u00e4minen menossa.\",\"fileUploadOldCodeFileUpload\":\"TIEDOSTON L\\u00c4HETT\\u00c4MINEN\",\"currencySymbol\":false,\"thousands_sep\":\",\",\"decimal_point\":\".\",\"siteLocale\":\"fi\",\"dateFormat\":\"m\\\/d\\\/Y\",\"startOfWeek\":\"1\",\"of\":\" \\\/ \",\"previousMonth\":\"Previous Month\",\"nextMonth\":\"Next Month\",\"months\":[\"January\",\"February\",\"March\",\"April\",\"May\",\"June\",\"July\",\"August\",\"September\",\"October\",\"November\",\"December\"],\"monthsShort\":[\"Jan\",\"Feb\",\"Mar\",\"Apr\",\"May\",\"Jun\",\"Jul\",\"Aug\",\"Sep\",\"Oct\",\"Nov\",\"Dec\"],\"weekdays\":[\"Sunday\",\"Monday\",\"Tuesday\",\"Wednesday\",\"Thursday\",\"Friday\",\"Saturday\"],\"weekdaysShort\":[\"Sun\",\"Mon\",\"Tue\",\"Wed\",\"Thu\",\"Fri\",\"Sat\"],\"weekdaysMin\":[\"Su\",\"Mo\",\"Tu\",\"We\",\"Th\",\"Fr\",\"Sa\"],\"recaptchaConsentMissing\":\"reCaptcha validation couldn&#039;t load.\",\"recaptchaMissingCookie\":\"reCaptcha v3 validation couldn&#039;t load the cookie needed to submit the form.\",\"recaptchaConsentEvent\":\"Accept reCaptcha cookies before sending the form.\",\"currency_symbol\":\"\",\"beforeForm\":\"\",\"beforeFields\":\"\",\"afterFields\":\"\",\"afterForm\":\"\"};form.fields=[{\"objectType\":\"Field\",\"objectDomain\":\"fields\",\"editActive\":false,\"order\":1,\"idAttribute\":\"id\",\"label\":\"Nimi\",\"key\":\"nimi_1532427788429\",\"type\":\"textbox\",\"created_at\":\"2018-07-24 10:21:47\",\"label_pos\":\"hidden\",\"required\":1,\"placeholder\":\"Nimi\",\"default\":\"\",\"wrapper_class\":\"\",\"element_class\":\"\",\"container_class\":\"\",\"input_limit\":\"\",\"input_limit_type\":\"characters\",\"input_limit_msg\":\"Character(s) left\",\"manual_key\":\"\",\"disable_input\":\"\",\"admin_label\":\"\",\"help_text\":\"\",\"desc_text\":\"\",\"disable_browser_autocomplete\":\"\",\"mask\":\"\",\"custom_mask\":\"\",\"wrap_styles_background-color\":\"\",\"wrap_styles_border\":\"\",\"wrap_styles_border-style\":\"\",\"wrap_styles_border-color\":\"#ededed\",\"wrap_styles_color\":\"\",\"wrap_styles_height\":\"\",\"wrap_styles_width\":\"\",\"wrap_styles_font-size\":\"\",\"wrap_styles_margin\":\"\",\"wrap_styles_padding\":\"\",\"wrap_styles_display\":\"\",\"wrap_styles_float\":\"\",\"wrap_styles_show_advanced_css\":0,\"wrap_styles_advanced\":\"\",\"label_styles_background-color\":\"\",\"label_styles_border\":\"\",\"label_styles_border-style\":\"\",\"label_styles_border-color\":\"\",\"label_styles_color\":\"\",\"label_styles_height\":\"\",\"label_styles_width\":\"\",\"label_styles_font-size\":\"\",\"label_styles_margin\":\"\",\"label_styles_padding\":\"\",\"label_styles_display\":\"\",\"label_styles_float\":\"\",\"label_styles_show_advanced_css\":0,\"label_styles_advanced\":\"\",\"element_styles_background-color\":\"\",\"element_styles_border\":\"\",\"element_styles_border-style\":\"\",\"element_styles_border-color\":\"\",\"element_styles_color\":\"\",\"element_styles_height\":\"\",\"element_styles_width\":\"\",\"element_styles_font-size\":\"14px\",\"element_styles_margin\":\"\",\"element_styles_padding\":\"10px 2px\",\"element_styles_display\":\"\",\"element_styles_float\":\"\",\"element_styles_show_advanced_css\":0,\"element_styles_advanced\":\"\",\"cellcid\":\"c3349\",\"custom_name_attribute\":\"\",\"personally_identifiable\":\"\",\"drawerDisabled\":false,\"value\":\"\",\"id\":1,\"beforeField\":\"\",\"afterField\":\"\",\"parentType\":\"textbox\",\"element_templates\":[\"textbox\",\"input\"],\"old_classname\":\"\",\"wrap_template\":\"wrap\"},{\"objectType\":\"Field\",\"objectDomain\":\"fields\",\"editActive\":false,\"order\":2,\"idAttribute\":\"id\",\"label\":\"Email\",\"key\":\"email\",\"type\":\"email\",\"created_at\":\"2018-07-24 10:21:47\",\"label_pos\":\"hidden\",\"required\":1,\"placeholder\":\"Email\",\"default\":\"\",\"wrapper_class\":\"\",\"element_class\":\"\",\"container_class\":\"\",\"admin_label\":\"\",\"help_text\":\"\",\"desc_text\":\"\",\"wrap_styles_background-color\":\"\",\"wrap_styles_border\":\"\",\"wrap_styles_border-style\":\"\",\"wrap_styles_border-color\":\"#ededed\",\"wrap_styles_color\":\"\",\"wrap_styles_height\":\"\",\"wrap_styles_width\":\"\",\"wrap_styles_font-size\":\"\",\"wrap_styles_margin\":\"\",\"wrap_styles_padding\":\"\",\"wrap_styles_display\":\"\",\"wrap_styles_float\":\"\",\"wrap_styles_show_advanced_css\":0,\"wrap_styles_advanced\":\"\",\"label_styles_background-color\":\"\",\"label_styles_border\":\"\",\"label_styles_border-style\":\"\",\"label_styles_border-color\":\"\",\"label_styles_color\":\"\",\"label_styles_height\":\"\",\"label_styles_width\":\"\",\"label_styles_font-size\":\"\",\"label_styles_margin\":\"\",\"label_styles_padding\":\"\",\"label_styles_display\":\"\",\"label_styles_float\":\"\",\"label_styles_show_advanced_css\":0,\"label_styles_advanced\":\"\",\"element_styles_background-color\":\"\",\"element_styles_border\":\"\",\"element_styles_border-style\":\"\",\"element_styles_border-color\":\"\",\"element_styles_color\":\"\",\"element_styles_height\":\"\",\"element_styles_width\":\"\",\"element_styles_font-size\":\"14px\",\"element_styles_margin\":\"\",\"element_styles_padding\":\"10px 2px\",\"element_styles_display\":\"\",\"element_styles_float\":\"\",\"element_styles_show_advanced_css\":0,\"element_styles_advanced\":\"\",\"cellcid\":\"c3352\",\"custom_name_attribute\":\"email\",\"personally_identifiable\":1,\"drawerDisabled\":false,\"value\":\"\",\"id\":2,\"beforeField\":\"\",\"afterField\":\"\",\"parentType\":\"email\",\"element_templates\":[\"email\",\"input\"],\"old_classname\":\"\",\"wrap_template\":\"wrap\"},{\"objectType\":\"Field\",\"objectDomain\":\"fields\",\"editActive\":false,\"order\":3,\"idAttribute\":\"id\",\"label\":\"S\\u00f5num\",\"key\":\"sonum_1532427823134\",\"type\":\"textarea\",\"created_at\":\"2018-07-24 10:21:47\",\"label_pos\":\"hidden\",\"required\":1,\"placeholder\":\"S\\u00f5num\",\"default\":\"\",\"wrapper_class\":\"\",\"element_class\":\"\",\"container_class\":\"\",\"input_limit\":\"\",\"input_limit_type\":\"characters\",\"input_limit_msg\":\"Character(s) left\",\"manual_key\":\"\",\"disable_input\":\"\",\"admin_label\":\"\",\"help_text\":\"\",\"desc_text\":\"\",\"disable_browser_autocomplete\":\"\",\"textarea_rte\":\"\",\"disable_rte_mobile\":\"\",\"textarea_media\":\"\",\"wrap_styles_background-color\":\"\",\"wrap_styles_border\":\"\",\"wrap_styles_border-style\":\"\",\"wrap_styles_border-color\":\"#ededed\",\"wrap_styles_color\":\"\",\"wrap_styles_height\":\"\",\"wrap_styles_width\":\"\",\"wrap_styles_font-size\":\"\",\"wrap_styles_margin\":\"\",\"wrap_styles_padding\":\"\",\"wrap_styles_display\":\"\",\"wrap_styles_float\":\"\",\"wrap_styles_show_advanced_css\":0,\"wrap_styles_advanced\":\"\",\"label_styles_background-color\":\"\",\"label_styles_border\":\"\",\"label_styles_border-style\":\"\",\"label_styles_border-color\":\"\",\"label_styles_color\":\"\",\"label_styles_height\":\"\",\"label_styles_width\":\"\",\"label_styles_font-size\":\"\",\"label_styles_margin\":\"\",\"label_styles_padding\":\"\",\"label_styles_display\":\"\",\"label_styles_float\":\"\",\"label_styles_show_advanced_css\":0,\"label_styles_advanced\":\"\",\"element_styles_background-color\":\"\",\"element_styles_border\":\"\",\"element_styles_border-style\":\"\",\"element_styles_border-color\":\"\",\"element_styles_color\":\"\",\"element_styles_height\":\"\",\"element_styles_width\":\"\",\"element_styles_font-size\":\"14px\",\"element_styles_margin\":\"\",\"element_styles_padding\":\"10px 2px\",\"element_styles_display\":\"\",\"element_styles_float\":\"\",\"element_styles_show_advanced_css\":0,\"element_styles_advanced\":\"\",\"cellcid\":\"c3355\",\"drawerDisabled\":false,\"value\":\"\",\"id\":3,\"beforeField\":\"\",\"afterField\":\"\",\"parentType\":\"textarea\",\"element_templates\":[\"textarea\",\"input\"],\"old_classname\":\"\",\"wrap_template\":\"wrap\"},{\"objectType\":\"Field\",\"objectDomain\":\"fields\",\"editActive\":false,\"order\":4,\"idAttribute\":\"id\",\"label\":\"Saada\",\"key\":\"saada_1532427833300\",\"type\":\"submit\",\"created_at\":\"2018-07-24 10:21:47\",\"processing_label\":\"Saadab...\",\"container_class\":\"\",\"element_class\":\"\",\"wrap_styles_background-color\":\"#\",\"wrap_styles_border\":\"\",\"wrap_styles_border-style\":\"\",\"wrap_styles_border-color\":\"\",\"wrap_styles_color\":\"\",\"wrap_styles_height\":\"\",\"wrap_styles_width\":\"\",\"wrap_styles_font-size\":\"\",\"wrap_styles_margin\":\"\",\"wrap_styles_padding\":\"\",\"wrap_styles_display\":\"\",\"wrap_styles_float\":\"\",\"wrap_styles_show_advanced_css\":0,\"wrap_styles_advanced\":\"\",\"label_styles_background-color\":\"\",\"label_styles_border\":\"\",\"label_styles_border-style\":\"\",\"label_styles_border-color\":\"\",\"label_styles_color\":\"\",\"label_styles_height\":\"\",\"label_styles_width\":\"\",\"label_styles_font-size\":\"\",\"label_styles_margin\":\"\",\"label_styles_padding\":\"\",\"label_styles_display\":\"\",\"label_styles_float\":\"\",\"label_styles_show_advanced_css\":0,\"label_styles_advanced\":\"\",\"element_styles_background-color\":\"#efefef\",\"element_styles_border\":\"\",\"element_styles_border-style\":\"\",\"element_styles_border-color\":\"\",\"element_styles_color\":\"#808080\",\"element_styles_height\":\"\",\"element_styles_width\":\"100%\",\"element_styles_font-size\":\"14px\",\"element_styles_margin\":\"\",\"element_styles_padding\":\"10px 2px\",\"element_styles_display\":\"\",\"element_styles_float\":\"\",\"element_styles_show_advanced_css\":1,\"element_styles_advanced\":\"text-transform:uppercase;\\nfont-weight:700;\\nborder: 1px solid #ccc;\",\"submit_element_hover_styles_background-color\":\"#efefef\",\"submit_element_hover_styles_border\":\"\",\"submit_element_hover_styles_border-style\":\"\",\"submit_element_hover_styles_border-color\":\"\",\"submit_element_hover_styles_color\":\"\",\"submit_element_hover_styles_height\":\"\",\"submit_element_hover_styles_width\":\"\",\"submit_element_hover_styles_font-size\":\"\",\"submit_element_hover_styles_margin\":\"\",\"submit_element_hover_styles_padding\":\"\",\"submit_element_hover_styles_display\":\"\",\"submit_element_hover_styles_float\":\"\",\"submit_element_hover_styles_show_advanced_css\":0,\"submit_element_hover_styles_advanced\":\"\",\"cellcid\":\"c3358\",\"drawerDisabled\":false,\"admin_label\":\"\",\"id\":4,\"beforeField\":\"\",\"afterField\":\"\",\"value\":\"\",\"label_pos\":\"above\",\"parentType\":\"textbox\",\"element_templates\":[\"submit\",\"button\",\"input\"],\"old_classname\":\"\",\"wrap_template\":\"wrap-no-label\"}];nfForms.push(form);<\/script>\n        [\/vc_column][vc_column width=&#8221;1\/2&#8243;][vc_column_text]Kai 5,<br \/>\n10111 Tallinn<br \/>\nEve End +372 56 948 494<br \/>\nKatrin End +372 56 477 293<\/p>\n<p>Swedbank a\/a EE562200001120045478[\/vc_column_text][vc_gmaps link=&#8221;#E-8_JTNDaWZyYW1lJTIwc3JjJTNEJTIyaHR0cHMlM0ElMkYlMkZ3d3cuZ29vZ2xlLmNvbSUyRm1hcHMlMkZlbWJlZCUzRnBiJTNEJTIxMW0xOCUyMTFtMTIlMjExbTMlMjExZDIwMjguMzY1NTQwMjEzMDM4NyUyMTJkMjQuNzU0NjI0MzE3NDQzODQ1JTIxM2Q1OS40NDM2NTU1OTk5OTk5OCUyMTJtMyUyMTFmMCUyMTJmMCUyMTNmMCUyMTNtMiUyMTFpMTAyNCUyMTJpNzY4JTIxNGYxMy4xJTIxM20zJTIxMW0yJTIxMXMweDQ2OTI5MzY2NjhmNTgxYWYlMjUzQTB4MThlYWRiMDY2MWMxNjFjNiUyMTJzS2FpJTI1MjA1JTI1MkMlMjUyMEtlc2tsaW5uYSUyNTIwbGlubmFvc2ElMjUyQyUyNTIwS2Vza2xpbm5hJTI1MkMlMjUyMDEwMTExJTI1MjBIYXJqdSUyNTIwbWFha29uZCUyMTVlMCUyMTNtMiUyMTFzZXQlMjEyc2VlJTIxNHYxNjUzODk0NDg1MDMxJTIxNW0yJTIxMXNldCUyMTJzZWUlMjIlMjB3aWR0aCUzRCUyMjUwMCUyMiUyMGhlaWdodCUzRCUyMjIyMCUyMiUyMHN0eWxlJTNEJTIyYm9yZGVyJTNBMCUzQiUyMiUyMGFsbG93ZnVsbHNjcmVlbiUzRCUyMiUyMiUyMGxvYWRpbmclM0QlMjJsYXp5JTIyJTIwcmVmZXJyZXJwb2xpY3klM0QlMjJuby1yZWZlcnJlci13aGVuLWRvd25ncmFkZSUyMiUzRSUzQyUyRmlmcmFtZSUzRQ==&#8221; size=&#8221;200&#8243;][\/vc_column][\/vc_row]<\/p>\n<\/div>","protected":false},"excerpt":{"rendered":"<p>[vc_row][vc_column][vc_column_text]Leevi Tanssikoulu odottaa sinua Tallinnan syd\u00e4mess\u00e4, osoitteessa Kai 5, vain kivenheiton p\u00e4\u00e4ss\u00e4 Tallinnan Satamasta. Kun saavut laivalla Suomesta, meill\u00e4 on [&hellip;]<\/p>\n","protected":false},"author":3,"featured_media":0,"parent":0,"menu_order":0,"comment_status":"closed","ping_status":"closed","template":"","meta":{"_acf_changed":false,"footnotes":""},"class_list":["post-2972","page","type-page","status-publish","hentry"],"acf":[],"yoast_head":"<!-- This site is optimized with the Yoast SEO plugin v27.3 - https:\/\/yoast.com\/product\/yoast-seo-wordpress\/ -->\n<title>Tantsukool Leevi - V\u00f5ta meiega \u00fchendust meili v\u00f5i telefoni teel<\/title>\n<meta name=\"description\" content=\"Tantsukool Leeviga liitumine on lihtne siinsamas kodulehel. Kas sul on m\u00f5ned k\u00fcsimused? V\u00f5i tahad ennast kohe kirja panna? Liitu v\u00f5i saada meile e-kiri.\" \/>\n<meta name=\"robots\" content=\"index, follow, max-snippet:-1, max-image-preview:large, max-video-preview:-1\" \/>\n<link rel=\"canonical\" href=\"https:\/\/leevi.ee\/fi\/yhteystiedot\/\" \/>\n<meta property=\"og:locale\" content=\"fi_FI\" \/>\n<meta property=\"og:type\" content=\"article\" \/>\n<meta property=\"og:title\" content=\"Tantsukool Leevi - V\u00f5ta meiega \u00fchendust meili v\u00f5i telefoni teel\" \/>\n<meta property=\"og:description\" content=\"Tantsukool Leeviga liitumine on lihtne siinsamas kodulehel. Kas sul on m\u00f5ned k\u00fcsimused? V\u00f5i tahad ennast kohe kirja panna? Liitu v\u00f5i saada meile e-kiri.\" \/>\n<meta property=\"og:url\" content=\"https:\/\/leevi.ee\/fi\/yhteystiedot\/\" \/>\n<meta property=\"og:site_name\" content=\"Leevi\" \/>\n<meta property=\"article:publisher\" content=\"https:\/\/www.facebook.com\/dcleevi\/\" \/>\n<meta property=\"article:modified_time\" content=\"2023-09-16T10:10:25+00:00\" \/>\n<meta name=\"twitter:card\" content=\"summary_large_image\" \/>\n<meta name=\"twitter:label1\" content=\"Est. reading time\" \/>\n\t<meta name=\"twitter:data1\" content=\"1 minute\" \/>\n<script type=\"application\/ld+json\" class=\"yoast-schema-graph\">{\"@context\":\"https:\\\/\\\/schema.org\",\"@graph\":[{\"@type\":\"WebPage\",\"@id\":\"https:\\\/\\\/leevi.ee\\\/fi\\\/yhteystiedot\\\/\",\"url\":\"https:\\\/\\\/leevi.ee\\\/fi\\\/yhteystiedot\\\/\",\"name\":\"Tantsukool Leevi - V\u00f5ta meiega \u00fchendust meili v\u00f5i telefoni teel\",\"isPartOf\":{\"@id\":\"https:\\\/\\\/leevi.ee\\\/#website\"},\"datePublished\":\"2018-07-23T11:15:43+00:00\",\"dateModified\":\"2023-09-16T10:10:25+00:00\",\"description\":\"Tantsukool Leeviga liitumine on lihtne siinsamas kodulehel. Kas sul on m\u00f5ned k\u00fcsimused? V\u00f5i tahad ennast kohe kirja panna? Liitu v\u00f5i saada meile e-kiri.\",\"breadcrumb\":{\"@id\":\"https:\\\/\\\/leevi.ee\\\/fi\\\/yhteystiedot\\\/#breadcrumb\"},\"inLanguage\":\"fi\",\"potentialAction\":[{\"@type\":\"ReadAction\",\"target\":[\"https:\\\/\\\/leevi.ee\\\/fi\\\/yhteystiedot\\\/\"]}]},{\"@type\":\"BreadcrumbList\",\"@id\":\"https:\\\/\\\/leevi.ee\\\/fi\\\/yhteystiedot\\\/#breadcrumb\",\"itemListElement\":[{\"@type\":\"ListItem\",\"position\":1,\"name\":\"Home\",\"item\":\"https:\\\/\\\/leevi.ee\\\/fi\\\/\"},{\"@type\":\"ListItem\",\"position\":2,\"name\":\"Yhteystiedot\"}]},{\"@type\":\"WebSite\",\"@id\":\"https:\\\/\\\/leevi.ee\\\/#website\",\"url\":\"https:\\\/\\\/leevi.ee\\\/\",\"name\":\"Leevi\",\"description\":\"\",\"publisher\":{\"@id\":\"https:\\\/\\\/leevi.ee\\\/#organization\"},\"potentialAction\":[{\"@type\":\"SearchAction\",\"target\":{\"@type\":\"EntryPoint\",\"urlTemplate\":\"https:\\\/\\\/leevi.ee\\\/?s={search_term_string}\"},\"query-input\":{\"@type\":\"PropertyValueSpecification\",\"valueRequired\":true,\"valueName\":\"search_term_string\"}}],\"inLanguage\":\"fi\"},{\"@type\":\"Organization\",\"@id\":\"https:\\\/\\\/leevi.ee\\\/#organization\",\"name\":\"Leevi tantsukool\",\"url\":\"https:\\\/\\\/leevi.ee\\\/\",\"logo\":{\"@type\":\"ImageObject\",\"inLanguage\":\"fi\",\"@id\":\"https:\\\/\\\/leevi.ee\\\/#\\\/schema\\\/logo\\\/image\\\/\",\"url\":\"https:\\\/\\\/leevi.ee\\\/wordpress\\\/wp-content\\\/uploads\\\/2018\\\/07\\\/Logo.png\",\"contentUrl\":\"https:\\\/\\\/leevi.ee\\\/wordpress\\\/wp-content\\\/uploads\\\/2018\\\/07\\\/Logo.png\",\"width\":82,\"height\":83,\"caption\":\"Leevi tantsukool\"},\"image\":{\"@id\":\"https:\\\/\\\/leevi.ee\\\/#\\\/schema\\\/logo\\\/image\\\/\"},\"sameAs\":[\"https:\\\/\\\/www.facebook.com\\\/dcleevi\\\/\",\"https:\\\/\\\/www.instagram.com\\\/dcleevi\\\/\"]}]}<\/script>\n<!-- \/ Yoast SEO plugin. -->","yoast_head_json":{"title":"Tantsukool Leevi - V\u00f5ta meiega \u00fchendust meili v\u00f5i telefoni teel","description":"Tantsukool Leeviga liitumine on lihtne siinsamas kodulehel. Kas sul on m\u00f5ned k\u00fcsimused? V\u00f5i tahad ennast kohe kirja panna? Liitu v\u00f5i saada meile e-kiri.","robots":{"index":"index","follow":"follow","max-snippet":"max-snippet:-1","max-image-preview":"max-image-preview:large","max-video-preview":"max-video-preview:-1"},"canonical":"https:\/\/leevi.ee\/fi\/yhteystiedot\/","og_locale":"fi_FI","og_type":"article","og_title":"Tantsukool Leevi - V\u00f5ta meiega \u00fchendust meili v\u00f5i telefoni teel","og_description":"Tantsukool Leeviga liitumine on lihtne siinsamas kodulehel. Kas sul on m\u00f5ned k\u00fcsimused? V\u00f5i tahad ennast kohe kirja panna? Liitu v\u00f5i saada meile e-kiri.","og_url":"https:\/\/leevi.ee\/fi\/yhteystiedot\/","og_site_name":"Leevi","article_publisher":"https:\/\/www.facebook.com\/dcleevi\/","article_modified_time":"2023-09-16T10:10:25+00:00","twitter_card":"summary_large_image","twitter_misc":{"Est. reading time":"1 minute"},"schema":{"@context":"https:\/\/schema.org","@graph":[{"@type":"WebPage","@id":"https:\/\/leevi.ee\/fi\/yhteystiedot\/","url":"https:\/\/leevi.ee\/fi\/yhteystiedot\/","name":"Tantsukool Leevi - V\u00f5ta meiega \u00fchendust meili v\u00f5i telefoni teel","isPartOf":{"@id":"https:\/\/leevi.ee\/#website"},"datePublished":"2018-07-23T11:15:43+00:00","dateModified":"2023-09-16T10:10:25+00:00","description":"Tantsukool Leeviga liitumine on lihtne siinsamas kodulehel. Kas sul on m\u00f5ned k\u00fcsimused? V\u00f5i tahad ennast kohe kirja panna? Liitu v\u00f5i saada meile e-kiri.","breadcrumb":{"@id":"https:\/\/leevi.ee\/fi\/yhteystiedot\/#breadcrumb"},"inLanguage":"fi","potentialAction":[{"@type":"ReadAction","target":["https:\/\/leevi.ee\/fi\/yhteystiedot\/"]}]},{"@type":"BreadcrumbList","@id":"https:\/\/leevi.ee\/fi\/yhteystiedot\/#breadcrumb","itemListElement":[{"@type":"ListItem","position":1,"name":"Home","item":"https:\/\/leevi.ee\/fi\/"},{"@type":"ListItem","position":2,"name":"Yhteystiedot"}]},{"@type":"WebSite","@id":"https:\/\/leevi.ee\/#website","url":"https:\/\/leevi.ee\/","name":"Leevi","description":"","publisher":{"@id":"https:\/\/leevi.ee\/#organization"},"potentialAction":[{"@type":"SearchAction","target":{"@type":"EntryPoint","urlTemplate":"https:\/\/leevi.ee\/?s={search_term_string}"},"query-input":{"@type":"PropertyValueSpecification","valueRequired":true,"valueName":"search_term_string"}}],"inLanguage":"fi"},{"@type":"Organization","@id":"https:\/\/leevi.ee\/#organization","name":"Leevi tantsukool","url":"https:\/\/leevi.ee\/","logo":{"@type":"ImageObject","inLanguage":"fi","@id":"https:\/\/leevi.ee\/#\/schema\/logo\/image\/","url":"https:\/\/leevi.ee\/wordpress\/wp-content\/uploads\/2018\/07\/Logo.png","contentUrl":"https:\/\/leevi.ee\/wordpress\/wp-content\/uploads\/2018\/07\/Logo.png","width":82,"height":83,"caption":"Leevi tantsukool"},"image":{"@id":"https:\/\/leevi.ee\/#\/schema\/logo\/image\/"},"sameAs":["https:\/\/www.facebook.com\/dcleevi\/","https:\/\/www.instagram.com\/dcleevi\/"]}]}},"_links":{"self":[{"href":"https:\/\/leevi.ee\/fi\/wp-json\/wp\/v2\/pages\/2972","targetHints":{"allow":["GET"]}}],"collection":[{"href":"https:\/\/leevi.ee\/fi\/wp-json\/wp\/v2\/pages"}],"about":[{"href":"https:\/\/leevi.ee\/fi\/wp-json\/wp\/v2\/types\/page"}],"author":[{"embeddable":true,"href":"https:\/\/leevi.ee\/fi\/wp-json\/wp\/v2\/users\/3"}],"replies":[{"embeddable":true,"href":"https:\/\/leevi.ee\/fi\/wp-json\/wp\/v2\/comments?post=2972"}],"version-history":[{"count":2,"href":"https:\/\/leevi.ee\/fi\/wp-json\/wp\/v2\/pages\/2972\/revisions"}],"predecessor-version":[{"id":2976,"href":"https:\/\/leevi.ee\/fi\/wp-json\/wp\/v2\/pages\/2972\/revisions\/2976"}],"wp:attachment":[{"href":"https:\/\/leevi.ee\/fi\/wp-json\/wp\/v2\/media?parent=2972"}],"curies":[{"name":"wp","href":"https:\/\/api.w.org\/{rel}","templated":true}]}}