{"id":2978,"date":"2018-07-23T11:15:22","date_gmt":"2018-07-23T11:15:22","guid":{"rendered":"https:\/\/leevi.ee\/teenused\/"},"modified":"2023-09-25T19:36:20","modified_gmt":"2023-09-25T16:36:20","slug":"palvelut","status":"publish","type":"page","link":"https:\/\/leevi.ee\/fi\/palvelut\/","title":{"rendered":"Palvelut"},"content":{"rendered":"<div class=\"wpb-content-wrapper\"><p>[vc_row content_placement=&#8221;middle&#8221; el_id=&#8221;seltskonnatants&#8221;][vc_column width=&#8221;1\/2&#8243;][vc_column_text]<\/p>\n<h2>Seuratanssi<\/h2>\n<p>Studiollamme aikuiset voivat harrastaa seuratanssia tai ottaa yksityistunteja, mik\u00e4li eiv\u00e4t halua opiskella ryhm\u00e4ss\u00e4. Seuratanssi luo hyv\u00e4n mielen ja tarjoaa kohtuullista fyysist\u00e4 rasitusta. Lis\u00e4tietoja uusista aloittelevista ryhmist\u00e4 voit tiedustella osoitteesta <a href=\"mailto:info@leevi.ee\">info@leevi.ee<\/a>.[\/vc_column_text][\/vc_column][vc_column width=&#8221;1\/2&#8243;][vc_single_image image=&#8221;588&#8243; img_size=&#8221;full&#8221;][\/vc_column][\/vc_row][vc_row][vc_column][vc_separator][\/vc_column][\/vc_row][vc_row content_placement=&#8221;middle&#8221;][vc_column width=&#8221;1\/2&#8243;][vc_single_image image=&#8221;603&#8243; img_size=&#8221;full&#8221;][\/vc_column][vc_column width=&#8221;1\/2&#8243;][vc_column_text]<\/p>\n<h2>Kilpatanssi<\/h2>\n<p>Odotamme harjoituksiin lapsia 4-vuotiaasta alkaen. Lapsemme harjoittelevat yksil\u00f6llisen harjoitussuunnitelman mukaisesti. Harjoituksissa on mahdollista k\u00e4yd\u00e4 1 \u2013 5 kertaa viikossa, ja jokaiselle perheelle laaditaan heille sopiva harjoitussuunnitelma. Toivotamme yst\u00e4v\u00e4lliseen tiimiimme liittym\u00e4\u00e4n sek\u00e4 ne, jotka haluavat harrastaa tanssia harrastuksena ett\u00e4 ne, joilla on urheilullisia ambitioita. Saat lis\u00e4tietoja ottamalla yhteytt\u00e4 meihin: <a href=\"mailto:info@leevi.ee\">info@leevi.ee<\/a>.[\/vc_column_text][\/vc_column][\/vc_row][vc_row][vc_column][vc_separator][\/vc_column][\/vc_row][vc_row content_placement=&#8221;middle&#8221; el_id=&#8221;pulmavalss&#8221;][vc_column width=&#8221;1\/2&#8243;][vc_column_text]<\/p>\n<h2>H\u00e4\u00e4valssi<\/h2>\n<p>H\u00e4\u00e4t ovat erityinen tapahtuma jokaiselle parille. Olemme iloisia, jos voimme olla teille avuksi. Yksityistunneilla teemme h\u00e4\u00e4parille heid\u00e4n valitsemansa musiikin mukaisen sovituksen ja opettelemme sen yhdess\u00e4. Saat lis\u00e4tietoja ottamalla yhteytt\u00e4 meihin: <a href=\"mailto:info@leevi.ee\">info@leevi.ee<\/a>.[\/vc_column_text][\/vc_column][vc_column width=&#8221;1\/2&#8243;][vc_single_image image=&#8221;585&#8243; img_size=&#8221;full&#8221;][\/vc_column][\/vc_row][vc_row][vc_column][vc_separator][\/vc_column][\/vc_row][vc_row content_placement=&#8221;middle&#8221; el_id=&#8221;esinemine&#8221;][vc_column width=&#8221;1\/2&#8243;][vc_single_image image=&#8221;582&#8243; img_size=&#8221;full&#8221;][\/vc_column][vc_column width=&#8221;1\/2&#8243;][vc_column_text]<\/p>\n<h2>Esiintyminen<\/h2>\n<p>Kutsu meid\u00e4t esiintym\u00e4\u00e4n tapahtumaasi! Meill\u00e4 on sek\u00e4 suuria ett\u00e4 pieni\u00e4 tanssijoita. Tanssijoille on laadittu erikoisia ja mukaansatempaavia show-ohjelmia. Voit valita maailmanluokan esiintyjien sek\u00e4 Viron huipputanssijoiden v\u00e4lill\u00e4. Hinnat riippuvat toiveistasi. Saat lis\u00e4tietoja ottamalla yhteytt\u00e4 meihin: <a href=\"mailto:info@leevi.ee\">info@leevi.ee<\/a>.[\/vc_column_text][\/vc_column][\/vc_row][vc_row][vc_column][vc_separator][\/vc_column][\/vc_row][vc_row content_placement=&#8221;middle&#8221; el_id=&#8221;proam&#8221;][vc_column width=&#8221;1\/2&#8243;][vc_column_text]<\/p>\n<h2>ProAm<\/h2>\n<p>Eik\u00f6 sinulla ole partneria? Tule ja opi tanssimaan yhdess\u00e4 lahjakkaiden valmentajiemme kanssa. ProAm on yksinkertaisesti sanottuna kuin \u201dTanssii T\u00e4htien Kanssa\u201d, miss\u00e4 ammattilainen tanssii amat\u00f6\u00f6rin kanssa. Sinulla on mahdollisuus oppia oikeita kilpatanssiohjelmia ja tanssia niit\u00e4 yhdess\u00e4 Leevin valmentajan kanssa. Saat lis\u00e4tietoja ottamalla yhteytt\u00e4 meihin: <a href=\"mailto:info@leevi.ee\">info@leevi.ee<\/a>.[\/vc_column_text][\/vc_column][vc_column width=&#8221;1\/2&#8243;][vc_single_image image=&#8221;575&#8243; img_size=&#8221;full&#8221;][\/vc_column][\/vc_row][vc_row][vc_column][vc_separator][\/vc_column][\/vc_row][vc_row content_placement=&#8221;middle&#8221;][vc_column width=&#8221;1\/2&#8243;][vc_single_image image=&#8221;2830&#8243; img_size=&#8221;full&#8221;][\/vc_column][vc_column width=&#8221;1\/2&#8243;][vc_column_text]<\/p>\n<h2>Tanssi-illat<\/h2>\n<p>Leevi Tanssikoulun kuukausittaiset tanssi-illat \u2013 paras paikka lauantai-illan kohtaamisiin Tallinnan syd\u00e4mess\u00e4!<\/p>\n<p>Oletko kiinnostunut lumoavasta tanssiel\u00e4myksest\u00e4, jossa voit nauttia maailmanluokan tanssiesityksi\u00e4, vai etsitk\u00f6 vain mukavaa paikkaa tanssia ja viett\u00e4\u00e4 mieleenpainuva lauantai-illan kumppanin tai yst\u00e4vien kanssa? Silloin meid\u00e4n tanssi-illat ovat juuri sit\u00e4, mit\u00e4 etsit!<\/p>\n<p><a class=\"vc_general vc_btn3 vc_btn3-size-md vc_btn3-shape-rounded vc_btn3-style-classic vc_btn3-color-primary\" title=\"\" href=\"https:\/\/leevi.ee\/fi\/tanssi-illat\/\" rel=\"noopener\">Tarkempia tietoja tanssi-illasta<\/a>[\/vc_column_text][\/vc_column][\/vc_row][vc_row content_placement=&#8221;middle&#8221;][vc_column width=&#8221;1\/2&#8243;][vc_column_text]<\/p>\n<h2>Tanssin Ihmeellinen Viikonloppu Tallinnassa!<\/h2>\n<p>Kutsomme Teid\u00e4t maagiselle viikonlopun seikkailulle Tallinnan syd\u00e4meen, jossa tanssinrytmit kutsuvat Teid\u00e4t mukaan lumoavaan maailmaan, t\u00e4ynn\u00e4 intohimoa, charmia ja nautintoja!<\/p>\n<p><a class=\"vc_general vc_btn3 vc_btn3-size-md vc_btn3-shape-rounded vc_btn3-style-classic vc_btn3-color-primary\" title=\"\" href=\"https:\/\/leevi.ee\/fi\/tanssin-ihmeellinen-viikonloppu-tallinnassa\/\" rel=\"noopener\">Tarkempaa tietoa Ihmeellisest\u00e4 viikonlopusta<\/a>[\/vc_column_text][\/vc_column][vc_column width=&#8221;1\/2&#8243;][vc_single_image image=&#8221;2931&#8243; img_size=&#8221;full&#8221;][\/vc_column][\/vc_row]<\/p>\n<\/div>","protected":false},"excerpt":{"rendered":"<p>[vc_row content_placement=&#8221;middle&#8221; el_id=&#8221;seltskonnatants&#8221;][vc_column width=&#8221;1\/2&#8243;][vc_column_text] Seuratanssi Studiollamme aikuiset voivat harrastaa seuratanssia tai ottaa yksityistunteja, mik\u00e4li eiv\u00e4t halua opiskella ryhm\u00e4ss\u00e4. Seuratanssi luo [&hellip;]<\/p>\n","protected":false},"author":3,"featured_media":2980,"parent":0,"menu_order":0,"comment_status":"closed","ping_status":"closed","template":"","meta":{"_acf_changed":false,"footnotes":""},"class_list":["post-2978","page","type-page","status-publish","has-post-thumbnail","hentry"],"acf":[],"yoast_head":"<!-- This site is optimized with the Yoast SEO plugin v27.3 - https:\/\/yoast.com\/product\/yoast-seo-wordpress\/ -->\n<title>Teenused - Leevi Tantsuklubi - koht, kus unistused t\u00e4ituvad<\/title>\n<meta name=\"description\" content=\"V\u00f5istlustantsud, seltskonnatantsud, pulmavalss, esinemine ja proam - tule meie tantsuklubisse ja leia enda jaoks k\u00f5ige huvitavam.\" \/>\n<meta name=\"robots\" content=\"index, follow, max-snippet:-1, max-image-preview:large, max-video-preview:-1\" \/>\n<link rel=\"canonical\" href=\"https:\/\/leevi.ee\/fi\/palvelut\/\" \/>\n<meta property=\"og:locale\" content=\"fi_FI\" \/>\n<meta property=\"og:type\" content=\"article\" \/>\n<meta property=\"og:title\" content=\"Teenused - Leevi Tantsuklubi - koht, kus unistused t\u00e4ituvad\" \/>\n<meta property=\"og:description\" content=\"V\u00f5istlustantsud, seltskonnatantsud, pulmavalss, esinemine ja proam - tule meie tantsuklubisse ja leia enda jaoks k\u00f5ige huvitavam.\" \/>\n<meta property=\"og:url\" content=\"https:\/\/leevi.ee\/fi\/palvelut\/\" \/>\n<meta property=\"og:site_name\" content=\"Leevi\" \/>\n<meta property=\"article:publisher\" content=\"https:\/\/www.facebook.com\/dcleevi\/\" \/>\n<meta property=\"article:modified_time\" content=\"2023-09-25T16:36:20+00:00\" \/>\n<meta property=\"og:image\" content=\"https:\/\/leevi.ee\/wordpress\/wp-content\/uploads\/2018\/09\/autasustamine.jpg\" \/>\n\t<meta property=\"og:image:width\" content=\"1920\" \/>\n\t<meta property=\"og:image:height\" content=\"1080\" \/>\n\t<meta property=\"og:image:type\" content=\"image\/jpeg\" \/>\n<meta name=\"twitter:card\" content=\"summary_large_image\" \/>\n<meta name=\"twitter:label1\" content=\"Est. reading time\" \/>\n\t<meta name=\"twitter:data1\" content=\"2 minutes\" \/>\n<script type=\"application\/ld+json\" class=\"yoast-schema-graph\">{\"@context\":\"https:\\\/\\\/schema.org\",\"@graph\":[{\"@type\":\"WebPage\",\"@id\":\"https:\\\/\\\/leevi.ee\\\/fi\\\/palvelut\\\/\",\"url\":\"https:\\\/\\\/leevi.ee\\\/fi\\\/palvelut\\\/\",\"name\":\"Teenused - Leevi Tantsuklubi - koht, kus unistused t\u00e4ituvad\",\"isPartOf\":{\"@id\":\"https:\\\/\\\/leevi.ee\\\/#website\"},\"primaryImageOfPage\":{\"@id\":\"https:\\\/\\\/leevi.ee\\\/fi\\\/palvelut\\\/#primaryimage\"},\"image\":{\"@id\":\"https:\\\/\\\/leevi.ee\\\/fi\\\/palvelut\\\/#primaryimage\"},\"thumbnailUrl\":\"https:\\\/\\\/leevi.ee\\\/wordpress\\\/wp-content\\\/uploads\\\/2018\\\/09\\\/autasustamine.jpg\",\"datePublished\":\"2018-07-23T11:15:22+00:00\",\"dateModified\":\"2023-09-25T16:36:20+00:00\",\"description\":\"V\u00f5istlustantsud, seltskonnatantsud, pulmavalss, esinemine ja proam - tule meie tantsuklubisse ja leia enda jaoks k\u00f5ige huvitavam.\",\"breadcrumb\":{\"@id\":\"https:\\\/\\\/leevi.ee\\\/fi\\\/palvelut\\\/#breadcrumb\"},\"inLanguage\":\"fi\",\"potentialAction\":[{\"@type\":\"ReadAction\",\"target\":[\"https:\\\/\\\/leevi.ee\\\/fi\\\/palvelut\\\/\"]}]},{\"@type\":\"ImageObject\",\"inLanguage\":\"fi\",\"@id\":\"https:\\\/\\\/leevi.ee\\\/fi\\\/palvelut\\\/#primaryimage\",\"url\":\"https:\\\/\\\/leevi.ee\\\/wordpress\\\/wp-content\\\/uploads\\\/2018\\\/09\\\/autasustamine.jpg\",\"contentUrl\":\"https:\\\/\\\/leevi.ee\\\/wordpress\\\/wp-content\\\/uploads\\\/2018\\\/09\\\/autasustamine.jpg\",\"width\":1920,\"height\":1080},{\"@type\":\"BreadcrumbList\",\"@id\":\"https:\\\/\\\/leevi.ee\\\/fi\\\/palvelut\\\/#breadcrumb\",\"itemListElement\":[{\"@type\":\"ListItem\",\"position\":1,\"name\":\"Home\",\"item\":\"https:\\\/\\\/leevi.ee\\\/fi\\\/\"},{\"@type\":\"ListItem\",\"position\":2,\"name\":\"Palvelut\"}]},{\"@type\":\"WebSite\",\"@id\":\"https:\\\/\\\/leevi.ee\\\/#website\",\"url\":\"https:\\\/\\\/leevi.ee\\\/\",\"name\":\"Leevi\",\"description\":\"\",\"publisher\":{\"@id\":\"https:\\\/\\\/leevi.ee\\\/#organization\"},\"potentialAction\":[{\"@type\":\"SearchAction\",\"target\":{\"@type\":\"EntryPoint\",\"urlTemplate\":\"https:\\\/\\\/leevi.ee\\\/?s={search_term_string}\"},\"query-input\":{\"@type\":\"PropertyValueSpecification\",\"valueRequired\":true,\"valueName\":\"search_term_string\"}}],\"inLanguage\":\"fi\"},{\"@type\":\"Organization\",\"@id\":\"https:\\\/\\\/leevi.ee\\\/#organization\",\"name\":\"Leevi tantsukool\",\"url\":\"https:\\\/\\\/leevi.ee\\\/\",\"logo\":{\"@type\":\"ImageObject\",\"inLanguage\":\"fi\",\"@id\":\"https:\\\/\\\/leevi.ee\\\/#\\\/schema\\\/logo\\\/image\\\/\",\"url\":\"https:\\\/\\\/leevi.ee\\\/wordpress\\\/wp-content\\\/uploads\\\/2018\\\/07\\\/Logo.png\",\"contentUrl\":\"https:\\\/\\\/leevi.ee\\\/wordpress\\\/wp-content\\\/uploads\\\/2018\\\/07\\\/Logo.png\",\"width\":82,\"height\":83,\"caption\":\"Leevi tantsukool\"},\"image\":{\"@id\":\"https:\\\/\\\/leevi.ee\\\/#\\\/schema\\\/logo\\\/image\\\/\"},\"sameAs\":[\"https:\\\/\\\/www.facebook.com\\\/dcleevi\\\/\",\"https:\\\/\\\/www.instagram.com\\\/dcleevi\\\/\"]}]}<\/script>\n<!-- \/ Yoast SEO plugin. -->","yoast_head_json":{"title":"Teenused - Leevi Tantsuklubi - koht, kus unistused t\u00e4ituvad","description":"V\u00f5istlustantsud, seltskonnatantsud, pulmavalss, esinemine ja proam - tule meie tantsuklubisse ja leia enda jaoks k\u00f5ige huvitavam.","robots":{"index":"index","follow":"follow","max-snippet":"max-snippet:-1","max-image-preview":"max-image-preview:large","max-video-preview":"max-video-preview:-1"},"canonical":"https:\/\/leevi.ee\/fi\/palvelut\/","og_locale":"fi_FI","og_type":"article","og_title":"Teenused - Leevi Tantsuklubi - koht, kus unistused t\u00e4ituvad","og_description":"V\u00f5istlustantsud, seltskonnatantsud, pulmavalss, esinemine ja proam - tule meie tantsuklubisse ja leia enda jaoks k\u00f5ige huvitavam.","og_url":"https:\/\/leevi.ee\/fi\/palvelut\/","og_site_name":"Leevi","article_publisher":"https:\/\/www.facebook.com\/dcleevi\/","article_modified_time":"2023-09-25T16:36:20+00:00","og_image":[{"width":1920,"height":1080,"url":"https:\/\/leevi.ee\/wordpress\/wp-content\/uploads\/2018\/09\/autasustamine.jpg","type":"image\/jpeg"}],"twitter_card":"summary_large_image","twitter_misc":{"Est. reading time":"2 minutes"},"schema":{"@context":"https:\/\/schema.org","@graph":[{"@type":"WebPage","@id":"https:\/\/leevi.ee\/fi\/palvelut\/","url":"https:\/\/leevi.ee\/fi\/palvelut\/","name":"Teenused - Leevi Tantsuklubi - koht, kus unistused t\u00e4ituvad","isPartOf":{"@id":"https:\/\/leevi.ee\/#website"},"primaryImageOfPage":{"@id":"https:\/\/leevi.ee\/fi\/palvelut\/#primaryimage"},"image":{"@id":"https:\/\/leevi.ee\/fi\/palvelut\/#primaryimage"},"thumbnailUrl":"https:\/\/leevi.ee\/wordpress\/wp-content\/uploads\/2018\/09\/autasustamine.jpg","datePublished":"2018-07-23T11:15:22+00:00","dateModified":"2023-09-25T16:36:20+00:00","description":"V\u00f5istlustantsud, seltskonnatantsud, pulmavalss, esinemine ja proam - tule meie tantsuklubisse ja leia enda jaoks k\u00f5ige huvitavam.","breadcrumb":{"@id":"https:\/\/leevi.ee\/fi\/palvelut\/#breadcrumb"},"inLanguage":"fi","potentialAction":[{"@type":"ReadAction","target":["https:\/\/leevi.ee\/fi\/palvelut\/"]}]},{"@type":"ImageObject","inLanguage":"fi","@id":"https:\/\/leevi.ee\/fi\/palvelut\/#primaryimage","url":"https:\/\/leevi.ee\/wordpress\/wp-content\/uploads\/2018\/09\/autasustamine.jpg","contentUrl":"https:\/\/leevi.ee\/wordpress\/wp-content\/uploads\/2018\/09\/autasustamine.jpg","width":1920,"height":1080},{"@type":"BreadcrumbList","@id":"https:\/\/leevi.ee\/fi\/palvelut\/#breadcrumb","itemListElement":[{"@type":"ListItem","position":1,"name":"Home","item":"https:\/\/leevi.ee\/fi\/"},{"@type":"ListItem","position":2,"name":"Palvelut"}]},{"@type":"WebSite","@id":"https:\/\/leevi.ee\/#website","url":"https:\/\/leevi.ee\/","name":"Leevi","description":"","publisher":{"@id":"https:\/\/leevi.ee\/#organization"},"potentialAction":[{"@type":"SearchAction","target":{"@type":"EntryPoint","urlTemplate":"https:\/\/leevi.ee\/?s={search_term_string}"},"query-input":{"@type":"PropertyValueSpecification","valueRequired":true,"valueName":"search_term_string"}}],"inLanguage":"fi"},{"@type":"Organization","@id":"https:\/\/leevi.ee\/#organization","name":"Leevi tantsukool","url":"https:\/\/leevi.ee\/","logo":{"@type":"ImageObject","inLanguage":"fi","@id":"https:\/\/leevi.ee\/#\/schema\/logo\/image\/","url":"https:\/\/leevi.ee\/wordpress\/wp-content\/uploads\/2018\/07\/Logo.png","contentUrl":"https:\/\/leevi.ee\/wordpress\/wp-content\/uploads\/2018\/07\/Logo.png","width":82,"height":83,"caption":"Leevi tantsukool"},"image":{"@id":"https:\/\/leevi.ee\/#\/schema\/logo\/image\/"},"sameAs":["https:\/\/www.facebook.com\/dcleevi\/","https:\/\/www.instagram.com\/dcleevi\/"]}]}},"_links":{"self":[{"href":"https:\/\/leevi.ee\/fi\/wp-json\/wp\/v2\/pages\/2978","targetHints":{"allow":["GET"]}}],"collection":[{"href":"https:\/\/leevi.ee\/fi\/wp-json\/wp\/v2\/pages"}],"about":[{"href":"https:\/\/leevi.ee\/fi\/wp-json\/wp\/v2\/types\/page"}],"author":[{"embeddable":true,"href":"https:\/\/leevi.ee\/fi\/wp-json\/wp\/v2\/users\/3"}],"replies":[{"embeddable":true,"href":"https:\/\/leevi.ee\/fi\/wp-json\/wp\/v2\/comments?post=2978"}],"version-history":[{"count":11,"href":"https:\/\/leevi.ee\/fi\/wp-json\/wp\/v2\/pages\/2978\/revisions"}],"predecessor-version":[{"id":3057,"href":"https:\/\/leevi.ee\/fi\/wp-json\/wp\/v2\/pages\/2978\/revisions\/3057"}],"wp:featuredmedia":[{"embeddable":true,"href":"https:\/\/leevi.ee\/fi\/wp-json\/wp\/v2\/media\/2980"}],"wp:attachment":[{"href":"https:\/\/leevi.ee\/fi\/wp-json\/wp\/v2\/media?parent=2978"}],"curies":[{"name":"wp","href":"https:\/\/api.w.org\/{rel}","templated":true}]}}