{"id":2984,"date":"2018-07-23T12:21:25","date_gmt":"2018-07-23T12:21:25","guid":{"rendered":"https:\/\/leevi.ee\/avaleht\/"},"modified":"2023-09-19T19:46:06","modified_gmt":"2023-09-19T16:46:06","slug":"avaleht","status":"publish","type":"page","link":"https:\/\/leevi.ee\/fi\/","title":{"rendered":"Avaleht"},"content":{"rendered":"<div class=\"wpb-content-wrapper\"><p>[vc_row][vc_column][rev_slider_vc alias=&#8221;Frontpage&#8221;][\/vc_column][\/vc_row]<\/p>\n<\/div>","protected":false},"excerpt":{"rendered":"<p>[vc_row][vc_column][rev_slider_vc alias=&#8221;Frontpage&#8221;][\/vc_column][\/vc_row]<\/p>\n","protected":false},"author":3,"featured_media":0,"parent":0,"menu_order":0,"comment_status":"closed","ping_status":"closed","template":"templates\/frontpage.php","meta":{"_acf_changed":false,"footnotes":""},"class_list":["post-2984","page","type-page","status-publish","hentry"],"acf":[],"yoast_head":"<!-- This site is optimized with the Yoast SEO plugin v27.3 - https:\/\/yoast.com\/product\/yoast-seo-wordpress\/ -->\n<title>Tantsukool Leevi - koht, kus unistused t\u00e4ituvad - Leevi.ee<\/title>\n<meta name=\"description\" content=\"Tantsuklubi LEEVI pakub nii algajatele kui ka elukutselistele tantsijatele parimaid v\u00f5imalusi v\u00f5istlustantsuga tegelemiseks.\" \/>\n<meta name=\"robots\" content=\"index, follow, max-snippet:-1, max-image-preview:large, max-video-preview:-1\" \/>\n<link rel=\"canonical\" href=\"https:\/\/leevi.ee\/fi\/\" \/>\n<meta property=\"og:locale\" content=\"fi_FI\" \/>\n<meta property=\"og:type\" content=\"article\" \/>\n<meta property=\"og:title\" content=\"Tantsukool Leevi - koht, kus unistused t\u00e4ituvad - Leevi.ee\" \/>\n<meta property=\"og:description\" content=\"Tantsuklubi LEEVI pakub nii algajatele kui ka elukutselistele tantsijatele parimaid v\u00f5imalusi v\u00f5istlustantsuga tegelemiseks.\" \/>\n<meta property=\"og:url\" content=\"https:\/\/leevi.ee\/fi\/\" \/>\n<meta property=\"og:site_name\" content=\"Leevi\" \/>\n<meta property=\"article:publisher\" content=\"https:\/\/www.facebook.com\/dcleevi\/\" \/>\n<meta property=\"article:modified_time\" content=\"2023-09-19T16:46:06+00:00\" \/>\n<meta name=\"twitter:card\" content=\"summary_large_image\" \/>\n<meta name=\"twitter:label1\" content=\"Est. reading time\" \/>\n\t<meta name=\"twitter:data1\" content=\"1 minute\" \/>\n<script type=\"application\/ld+json\" class=\"yoast-schema-graph\">{\"@context\":\"https:\\\/\\\/schema.org\",\"@graph\":[{\"@type\":\"WebPage\",\"@id\":\"https:\\\/\\\/leevi.ee\\\/fi\\\/\",\"url\":\"https:\\\/\\\/leevi.ee\\\/fi\\\/\",\"name\":\"Tantsukool Leevi - koht, kus unistused t\u00e4ituvad - Leevi.ee\",\"isPartOf\":{\"@id\":\"https:\\\/\\\/leevi.ee\\\/#website\"},\"datePublished\":\"2018-07-23T12:21:25+00:00\",\"dateModified\":\"2023-09-19T16:46:06+00:00\",\"description\":\"Tantsuklubi LEEVI pakub nii algajatele kui ka elukutselistele tantsijatele parimaid v\u00f5imalusi v\u00f5istlustantsuga tegelemiseks.\",\"breadcrumb\":{\"@id\":\"https:\\\/\\\/leevi.ee\\\/fi\\\/#breadcrumb\"},\"inLanguage\":\"fi\",\"potentialAction\":[{\"@type\":\"ReadAction\",\"target\":[\"https:\\\/\\\/leevi.ee\\\/fi\\\/\"]}]},{\"@type\":\"BreadcrumbList\",\"@id\":\"https:\\\/\\\/leevi.ee\\\/fi\\\/#breadcrumb\",\"itemListElement\":[{\"@type\":\"ListItem\",\"position\":1,\"name\":\"Home\",\"item\":\"https:\\\/\\\/leevi.ee\\\/fi\\\/\"},{\"@type\":\"ListItem\",\"position\":2,\"name\":\"Avaleht\"}]},{\"@type\":\"WebSite\",\"@id\":\"https:\\\/\\\/leevi.ee\\\/#website\",\"url\":\"https:\\\/\\\/leevi.ee\\\/\",\"name\":\"Leevi\",\"description\":\"\",\"publisher\":{\"@id\":\"https:\\\/\\\/leevi.ee\\\/#organization\"},\"potentialAction\":[{\"@type\":\"SearchAction\",\"target\":{\"@type\":\"EntryPoint\",\"urlTemplate\":\"https:\\\/\\\/leevi.ee\\\/?s={search_term_string}\"},\"query-input\":{\"@type\":\"PropertyValueSpecification\",\"valueRequired\":true,\"valueName\":\"search_term_string\"}}],\"inLanguage\":\"fi\"},{\"@type\":\"Organization\",\"@id\":\"https:\\\/\\\/leevi.ee\\\/#organization\",\"name\":\"Leevi tantsukool\",\"url\":\"https:\\\/\\\/leevi.ee\\\/\",\"logo\":{\"@type\":\"ImageObject\",\"inLanguage\":\"fi\",\"@id\":\"https:\\\/\\\/leevi.ee\\\/#\\\/schema\\\/logo\\\/image\\\/\",\"url\":\"https:\\\/\\\/leevi.ee\\\/wordpress\\\/wp-content\\\/uploads\\\/2018\\\/07\\\/Logo.png\",\"contentUrl\":\"https:\\\/\\\/leevi.ee\\\/wordpress\\\/wp-content\\\/uploads\\\/2018\\\/07\\\/Logo.png\",\"width\":82,\"height\":83,\"caption\":\"Leevi tantsukool\"},\"image\":{\"@id\":\"https:\\\/\\\/leevi.ee\\\/#\\\/schema\\\/logo\\\/image\\\/\"},\"sameAs\":[\"https:\\\/\\\/www.facebook.com\\\/dcleevi\\\/\",\"https:\\\/\\\/www.instagram.com\\\/dcleevi\\\/\"]}]}<\/script>\n<!-- \/ Yoast SEO plugin. -->","yoast_head_json":{"title":"Tantsukool Leevi - koht, kus unistused t\u00e4ituvad - Leevi.ee","description":"Tantsuklubi LEEVI pakub nii algajatele kui ka elukutselistele tantsijatele parimaid v\u00f5imalusi v\u00f5istlustantsuga tegelemiseks.","robots":{"index":"index","follow":"follow","max-snippet":"max-snippet:-1","max-image-preview":"max-image-preview:large","max-video-preview":"max-video-preview:-1"},"canonical":"https:\/\/leevi.ee\/fi\/","og_locale":"fi_FI","og_type":"article","og_title":"Tantsukool Leevi - koht, kus unistused t\u00e4ituvad - Leevi.ee","og_description":"Tantsuklubi LEEVI pakub nii algajatele kui ka elukutselistele tantsijatele parimaid v\u00f5imalusi v\u00f5istlustantsuga tegelemiseks.","og_url":"https:\/\/leevi.ee\/fi\/","og_site_name":"Leevi","article_publisher":"https:\/\/www.facebook.com\/dcleevi\/","article_modified_time":"2023-09-19T16:46:06+00:00","twitter_card":"summary_large_image","twitter_misc":{"Est. reading time":"1 minute"},"schema":{"@context":"https:\/\/schema.org","@graph":[{"@type":"WebPage","@id":"https:\/\/leevi.ee\/fi\/","url":"https:\/\/leevi.ee\/fi\/","name":"Tantsukool Leevi - koht, kus unistused t\u00e4ituvad - Leevi.ee","isPartOf":{"@id":"https:\/\/leevi.ee\/#website"},"datePublished":"2018-07-23T12:21:25+00:00","dateModified":"2023-09-19T16:46:06+00:00","description":"Tantsuklubi LEEVI pakub nii algajatele kui ka elukutselistele tantsijatele parimaid v\u00f5imalusi v\u00f5istlustantsuga tegelemiseks.","breadcrumb":{"@id":"https:\/\/leevi.ee\/fi\/#breadcrumb"},"inLanguage":"fi","potentialAction":[{"@type":"ReadAction","target":["https:\/\/leevi.ee\/fi\/"]}]},{"@type":"BreadcrumbList","@id":"https:\/\/leevi.ee\/fi\/#breadcrumb","itemListElement":[{"@type":"ListItem","position":1,"name":"Home","item":"https:\/\/leevi.ee\/fi\/"},{"@type":"ListItem","position":2,"name":"Avaleht"}]},{"@type":"WebSite","@id":"https:\/\/leevi.ee\/#website","url":"https:\/\/leevi.ee\/","name":"Leevi","description":"","publisher":{"@id":"https:\/\/leevi.ee\/#organization"},"potentialAction":[{"@type":"SearchAction","target":{"@type":"EntryPoint","urlTemplate":"https:\/\/leevi.ee\/?s={search_term_string}"},"query-input":{"@type":"PropertyValueSpecification","valueRequired":true,"valueName":"search_term_string"}}],"inLanguage":"fi"},{"@type":"Organization","@id":"https:\/\/leevi.ee\/#organization","name":"Leevi tantsukool","url":"https:\/\/leevi.ee\/","logo":{"@type":"ImageObject","inLanguage":"fi","@id":"https:\/\/leevi.ee\/#\/schema\/logo\/image\/","url":"https:\/\/leevi.ee\/wordpress\/wp-content\/uploads\/2018\/07\/Logo.png","contentUrl":"https:\/\/leevi.ee\/wordpress\/wp-content\/uploads\/2018\/07\/Logo.png","width":82,"height":83,"caption":"Leevi tantsukool"},"image":{"@id":"https:\/\/leevi.ee\/#\/schema\/logo\/image\/"},"sameAs":["https:\/\/www.facebook.com\/dcleevi\/","https:\/\/www.instagram.com\/dcleevi\/"]}]}},"_links":{"self":[{"href":"https:\/\/leevi.ee\/fi\/wp-json\/wp\/v2\/pages\/2984","targetHints":{"allow":["GET"]}}],"collection":[{"href":"https:\/\/leevi.ee\/fi\/wp-json\/wp\/v2\/pages"}],"about":[{"href":"https:\/\/leevi.ee\/fi\/wp-json\/wp\/v2\/types\/page"}],"author":[{"embeddable":true,"href":"https:\/\/leevi.ee\/fi\/wp-json\/wp\/v2\/users\/3"}],"replies":[{"embeddable":true,"href":"https:\/\/leevi.ee\/fi\/wp-json\/wp\/v2\/comments?post=2984"}],"version-history":[{"count":1,"href":"https:\/\/leevi.ee\/fi\/wp-json\/wp\/v2\/pages\/2984\/revisions"}],"predecessor-version":[{"id":2987,"href":"https:\/\/leevi.ee\/fi\/wp-json\/wp\/v2\/pages\/2984\/revisions\/2987"}],"wp:attachment":[{"href":"https:\/\/leevi.ee\/fi\/wp-json\/wp\/v2\/media?parent=2984"}],"curies":[{"name":"wp","href":"https:\/\/api.w.org\/{rel}","templated":true}]}}